{"id":106257,"date":"2025-08-23T21:23:24","date_gmt":"2025-08-23T21:23:24","guid":{"rendered":"https:\/\/aandrijftechniek.nl\/product\/loctite-si-5367-310-ml-standard-cartridge-loctite-industrial-adhesives-loctite\/"},"modified":"2026-04-25T11:59:08","modified_gmt":"2026-04-25T11:59:08","slug":"loctite-si-5367-310-ml-standard-cartridge-loctite-industrial-adhesives-loctite","status":"publish","type":"product","link":"https:\/\/aandrijftechniek.nl\/en\/product\/loctite-si-5367-310-ml-standard-cartridge-loctite-industrial-adhesives-loctite\/","title":{"rendered":"LOCTITE\u00ae SI 5367, 310 ml Standard cartridge Loctite Industrial adhesives Loctite"},"content":{"rendered":"<p>LOCTITE\u00ae SI 5367, 310 ml Standard cartridge Loctite Industrial adhesives<\/p>\n<p>Een \u00e9\u00e9ncomponent, universele siliconenlijm voor industri\u00eble toepassingen waar een hoge hittetolerantie vereist is.<br \/>\nLOCTITE\u00ae SI 5367 is een witte, acetoxy lijm en afdichting op siliconenbasis voor industri\u00eble toepassingen bij hoge temperaturen tot 250 \u00b0C . Het wordt meestal gebruikt voor het afdichten van zijruiten in transportvoertuigen zoals treinen en huishoudelijke verwarmingstoestellen zoals ovens, warmtewisselaars en boilers. Het is ook ideaal voor andere algemene onderhoudswerkzaamheden, zoals het verlijmen van HCR-siliconen en het beschermen en isoleren van elektriciteitskasten. LOCTITE SI 5367 hardt uit bij kamertemperatuur en vormt een robuuste en flexibele verlijming die de lastdragende en schokabsorberende eigenschappen van het lijmoppervlak verbetert.<\/p>","protected":false},"excerpt":{"rendered":"<p>LOCTITE\u00ae SI 5367, 310 ml Standard cartridge Loctite Industrial adhesives Een \u00e9\u00e9ncomponent, universele siliconenlijm voor industri\u00eble toepassingen waar een hoge hittetolerantie vereist is. LOCTITE\u00ae SI 5367 is een witte, acetoxy lijm en afdichting op siliconenbasis voor industri\u00eble toepassingen bij hoge temperaturen tot 250 \u00b0C . Het wordt meestal gebruikt voor het afdichten van zijruiten in [&hellip;]<\/p>","protected":false},"featured_media":109150,"comment_status":"open","ping_status":"closed","template":"","meta":{"_acf_changed":false},"product_brand":[],"product_cat":[25628,25667],"product_tag":[],"class_list":{"0":"post-106257","1":"product","2":"type-product","3":"status-publish","4":"has-post-thumbnail","6":"product_cat-loctite-industrial-adhesives","7":"product_cat-serviceproducten","9":"first","10":"instock","11":"sale","12":"taxable","13":"shipping-taxable","14":"purchasable","15":"product-type-simple"},"acf":[],"_links":{"self":[{"href":"https:\/\/aandrijftechniek.nl\/en\/wp-json\/wp\/v2\/product\/106257","targetHints":{"allow":["GET"]}}],"collection":[{"href":"https:\/\/aandrijftechniek.nl\/en\/wp-json\/wp\/v2\/product"}],"about":[{"href":"https:\/\/aandrijftechniek.nl\/en\/wp-json\/wp\/v2\/types\/product"}],"replies":[{"embeddable":true,"href":"https:\/\/aandrijftechniek.nl\/en\/wp-json\/wp\/v2\/comments?post=106257"}],"wp:featuredmedia":[{"embeddable":true,"href":"https:\/\/aandrijftechniek.nl\/en\/wp-json\/wp\/v2\/media\/109150"}],"wp:attachment":[{"href":"https:\/\/aandrijftechniek.nl\/en\/wp-json\/wp\/v2\/media?parent=106257"}],"wp:term":[{"taxonomy":"product_brand","embeddable":true,"href":"https:\/\/aandrijftechniek.nl\/en\/wp-json\/wp\/v2\/product_brand?post=106257"},{"taxonomy":"product_cat","embeddable":true,"href":"https:\/\/aandrijftechniek.nl\/en\/wp-json\/wp\/v2\/product_cat?post=106257"},{"taxonomy":"product_tag","embeddable":true,"href":"https:\/\/aandrijftechniek.nl\/en\/wp-json\/wp\/v2\/product_tag?post=106257"}],"curies":[{"name":"wp","href":"https:\/\/api.w.org\/{rel}","templated":true}]}}