{"id":106256,"date":"2025-08-23T21:23:18","date_gmt":"2025-08-23T21:23:18","guid":{"rendered":"https:\/\/aandrijftechniek.nl\/product\/loctite-si-5368-310-ml-standard-cartridge-loctite-industrial-adhesives-loctite\/"},"modified":"2026-04-25T11:59:07","modified_gmt":"2026-04-25T11:59:07","slug":"loctite-si-5368-310-ml-standard-cartridge-loctite-industrial-adhesives-loctite","status":"publish","type":"product","link":"https:\/\/aandrijftechniek.nl\/en\/product\/loctite-si-5368-310-ml-standard-cartridge-loctite-industrial-adhesives-loctite\/","title":{"rendered":"LOCTITE\u00ae SI 5368, 310 ml Standard cartridge Loctite Industrial adhesives Loctite"},"content":{"rendered":"<p>LOCTITE\u00ae SI 5368, 310 ml Standard cartridge Loctite Industrial adhesives<\/p>\n<p>Een \u00e9\u00e9ncomponent, universele siliconenlijm voor industri\u00eble toepassingen waar een hoge warmtetolerantie vereist is.<br \/>\nLOCTITE\u00ae SI 5368 is een zwart, acetoxy lijm en afdichting op siliconenbasis voor industri\u00eble toepassingen bij hoge temperaturen tot 250 \u00b0C . Het wordt meestal gebruikt voor huishoudelijke elektrische apparaten en verschillende toepassingen in de auto- en luchtvaartindustrie. LOCTITE SI 5368 hardt uit bij kamertemperatuur en wordt binnen 5 minuten kleefvrij bij blootstelling aan luchtvochtigheid.<\/p>","protected":false},"excerpt":{"rendered":"<p>LOCTITE\u00ae SI 5368, 310 ml Standard cartridge Loctite Industrial adhesives Een \u00e9\u00e9ncomponent, universele siliconenlijm voor industri\u00eble toepassingen waar een hoge warmtetolerantie vereist is. LOCTITE\u00ae SI 5368 is een zwart, acetoxy lijm en afdichting op siliconenbasis voor industri\u00eble toepassingen bij hoge temperaturen tot 250 \u00b0C . Het wordt meestal gebruikt voor huishoudelijke elektrische apparaten en verschillende [&hellip;]<\/p>","protected":false},"featured_media":109149,"comment_status":"open","ping_status":"closed","template":"","meta":{"_acf_changed":false},"product_brand":[],"product_cat":[25628,25667],"product_tag":[],"class_list":{"0":"post-106256","1":"product","2":"type-product","3":"status-publish","4":"has-post-thumbnail","6":"product_cat-loctite-industrial-adhesives","7":"product_cat-serviceproducten","9":"first","10":"instock","11":"sale","12":"taxable","13":"shipping-taxable","14":"purchasable","15":"product-type-simple"},"acf":[],"_links":{"self":[{"href":"https:\/\/aandrijftechniek.nl\/en\/wp-json\/wp\/v2\/product\/106256","targetHints":{"allow":["GET"]}}],"collection":[{"href":"https:\/\/aandrijftechniek.nl\/en\/wp-json\/wp\/v2\/product"}],"about":[{"href":"https:\/\/aandrijftechniek.nl\/en\/wp-json\/wp\/v2\/types\/product"}],"replies":[{"embeddable":true,"href":"https:\/\/aandrijftechniek.nl\/en\/wp-json\/wp\/v2\/comments?post=106256"}],"wp:featuredmedia":[{"embeddable":true,"href":"https:\/\/aandrijftechniek.nl\/en\/wp-json\/wp\/v2\/media\/109149"}],"wp:attachment":[{"href":"https:\/\/aandrijftechniek.nl\/en\/wp-json\/wp\/v2\/media?parent=106256"}],"wp:term":[{"taxonomy":"product_brand","embeddable":true,"href":"https:\/\/aandrijftechniek.nl\/en\/wp-json\/wp\/v2\/product_brand?post=106256"},{"taxonomy":"product_cat","embeddable":true,"href":"https:\/\/aandrijftechniek.nl\/en\/wp-json\/wp\/v2\/product_cat?post=106256"},{"taxonomy":"product_tag","embeddable":true,"href":"https:\/\/aandrijftechniek.nl\/en\/wp-json\/wp\/v2\/product_tag?post=106256"}],"curies":[{"name":"wp","href":"https:\/\/api.w.org\/{rel}","templated":true}]}}